{"id":349,"date":"2024-05-16T12:29:08","date_gmt":"2024-05-16T09:29:08","guid":{"rendered":"https:\/\/www.mercymadagascar.org\/?page_id=349"},"modified":"2024-07-19T09:46:16","modified_gmt":"2024-07-19T06:46:16","slug":"dignity","status":"publish","type":"page","link":"https:\/\/www.mercymadagascar.org\/en\/dignity\/","title":{"rendered":"Dignity"},"content":{"rendered":"<div data-elementor-type=\"wp-page\" data-elementor-id=\"349\" class=\"elementor elementor-349\">\n\t\t\t\t\t\t<section class=\"elementor-section elementor-top-section elementor-element elementor-element-7712544 elementor-section-boxed elementor-section-height-default elementor-section-height-default\" data-id=\"7712544\" data-element_type=\"section\" data-settings=\"{&quot;background_background&quot;:&quot;classic&quot;}\">\n\t\t\t\t\t\t\t<div class=\"elementor-background-overlay\"><\/div>\n\t\t\t\t\t\t\t<div class=\"elementor-container elementor-column-gap-default\">\n\t\t\t\t\t<div class=\"elementor-column elementor-col-100 elementor-top-column elementor-element elementor-element-1d4e5060\" data-id=\"1d4e5060\" data-element_type=\"column\">\n\t\t\t<div class=\"elementor-widget-wrap elementor-element-populated\">\n\t\t\t\t\t\t<div class=\"elementor-element elementor-element-1a9ca21e elementor-widget elementor-widget-heading\" data-id=\"1a9ca21e\" data-element_type=\"widget\" data-widget_type=\"heading.default\">\n\t\t\t\t<div class=\"elementor-widget-container\">\n\t\t\t<style>\/*! elementor - v3.21.0 - 08-05-2024 *\/\n.elementor-heading-title{padding:0;margin:0;line-height:1}.elementor-widget-heading .elementor-heading-title[class*=elementor-size-]>a{color:inherit;font-size:inherit;line-height:inherit}.elementor-widget-heading .elementor-heading-title.elementor-size-small{font-size:15px}.elementor-widget-heading .elementor-heading-title.elementor-size-medium{font-size:19px}.elementor-widget-heading .elementor-heading-title.elementor-size-large{font-size:29px}.elementor-widget-heading .elementor-heading-title.elementor-size-xl{font-size:39px}.elementor-widget-heading .elementor-heading-title.elementor-size-xxl{font-size:59px}<\/style><h2 class=\"elementor-heading-title elementor-size-default\">Dignity Program <\/h2>\t\t<\/div>\n\t\t\t\t<\/div>\n\t\t\t\t\t<\/div>\n\t\t<\/div>\n\t\t\t\t\t<\/div>\n\t\t<\/section>\n\t\t\t\t<section class=\"elementor-section elementor-top-section elementor-element elementor-element-7659d728 elementor-section-boxed elementor-section-height-default elementor-section-height-default\" data-id=\"7659d728\" data-element_type=\"section\">\n\t\t\t\t\t\t<div class=\"elementor-container elementor-column-gap-default\">\n\t\t\t\t\t<div class=\"elementor-column elementor-col-100 elementor-top-column elementor-element elementor-element-5aa817fd\" data-id=\"5aa817fd\" data-element_type=\"column\">\n\t\t\t<div class=\"elementor-widget-wrap elementor-element-populated\">\n\t\t\t\t\t\t<section class=\"elementor-section elementor-inner-section elementor-element elementor-element-b046a3d elementor-section-boxed elementor-section-height-default elementor-section-height-default\" data-id=\"b046a3d\" data-element_type=\"section\">\n\t\t\t\t\t\t<div class=\"elementor-container elementor-column-gap-default\">\n\t\t\t\t\t<div class=\"elementor-column elementor-col-100 elementor-inner-column elementor-element elementor-element-2f51549f\" data-id=\"2f51549f\" data-element_type=\"column\">\n\t\t\t<div class=\"elementor-widget-wrap elementor-element-populated\">\n\t\t\t\t\t\t<div class=\"elementor-element elementor-element-48fc5212 elementor-widget elementor-widget-image\" data-id=\"48fc5212\" data-element_type=\"widget\" data-widget_type=\"image.default\">\n\t\t\t\t<div class=\"elementor-widget-container\">\n\t\t\t<style>\/*! elementor - v3.21.0 - 08-05-2024 *\/\n.elementor-widget-image{text-align:center}.elementor-widget-image a{display:inline-block}.elementor-widget-image a img[src$=\".svg\"]{width:48px}.elementor-widget-image img{vertical-align:middle;display:inline-block}<\/style>\t\t\t\t\t\t\t\t\t\t<img decoding=\"async\" width=\"150\" height=\"84\" src=\"https:\/\/www.mercymadagascar.org\/wp-content\/uploads\/2024\/05\/Dignity-3.jpg\" class=\"attachment-thumbnail size-thumbnail wp-image-86\" alt=\"\" \/>\t\t\t\t\t\t\t\t\t\t\t\t\t<\/div>\n\t\t\t\t<\/div>\n\t\t\t\t<div class=\"elementor-element elementor-element-60ebb63c elementor-widget elementor-widget-heading\" data-id=\"60ebb63c\" data-element_type=\"widget\" data-widget_type=\"heading.default\">\n\t\t\t\t<div class=\"elementor-widget-container\">\n\t\t\t<h2 class=\"elementor-heading-title elementor-size-default\">Dignity Program <\/h2>\t\t<\/div>\n\t\t\t\t<\/div>\n\t\t\t\t<div class=\"elementor-element elementor-element-7283044b elementor-widget elementor-widget-text-editor\" data-id=\"7283044b\" data-element_type=\"widget\" data-widget_type=\"text-editor.default\">\n\t\t\t\t<div class=\"elementor-widget-container\">\n\t\t\t<style>\/*! elementor - v3.21.0 - 08-05-2024 *\/\n.elementor-widget-text-editor.elementor-drop-cap-view-stacked .elementor-drop-cap{background-color:#69727d;color:#fff}.elementor-widget-text-editor.elementor-drop-cap-view-framed .elementor-drop-cap{color:#69727d;border:3px solid;background-color:transparent}.elementor-widget-text-editor:not(.elementor-drop-cap-view-default) .elementor-drop-cap{margin-top:8px}.elementor-widget-text-editor:not(.elementor-drop-cap-view-default) .elementor-drop-cap-letter{width:1em;height:1em}.elementor-widget-text-editor .elementor-drop-cap{float:left;text-align:center;line-height:1;font-size:50px}.elementor-widget-text-editor .elementor-drop-cap-letter{display:inline-block}<\/style>\t\t\t\t<ul><li>Mercy Ministries Madagascar a un partenariat strat\u00e9gique avec Dignity Campaign dans le cadre de ses activit\u00e9s avec les jeunes filles\/femmes.<\/li><li>Dignity Campaign est une organisation chr\u00e9tienne bas\u00e9e en Afrique du Sud dont la vision c\u2019est d\u2019aider les jeunes \u00e0 trouver leur Identit\u00e9, Appartenance et Raison d\u2019\u00eatre (but) en Dieu.<\/li><li>Nous voulons avoir un impact sur la vie des jeunes qui durera toute leur vie.<\/li><li>Notre d\u00e9sir c\u2019est de voir la vie des jeunes filles et femmes transform\u00e9e, les aider \u00e0 d\u00e9couvrir qui elles sont en Dieu et \u00e0 marcher dans cette nouvelle identit\u00e9. Elles pourront ainsi \u00eatre gu\u00e9ries du pass\u00e9 et restaur\u00e9es dans leur dignit\u00e9 pour rentrer pleinement dans les bonnes \u0153uvrent pr\u00e9par\u00e9es d\u2019avance par Dieu leur P\u00e8re.<\/li><li>Nous faisons cela au travers de 3 strat\u00e9gies principales :<ul><li>La formation pour les facilitatrices enfin de leur \u00e9quiper avec les outils n\u00e9cessaires pour qu\u2019\u00e0 leur tour elles puissent impacter la vie des jeunes filles autour d\u2019elles<\/li><li>Les sensibilisations ou s\u00e9ances de partages sur certains maux dont les jeunes font face \u00e0 savoir la pornographie, les differents sortes d\u2019abus, sur la sexualit\u00e9, les relations le trafic humain, et bien d\u2019autres\u2026..<\/li><li>Nous avons des programmes interactifs d\u2019une journ\u00e9e qu\u2019on appelle un <strong>\u00ab dignity day\u00bb<\/strong> et un programme de discipleship sur 12 semaines avec differents th\u00e8mes que nous appelons <strong>\u00ab Ch\u00e9ris ta Dignit\u00e9 \u00bb<\/strong><\/li><\/ul><\/li><li>Un <strong>\u2018\u2019Dignity Day\u2019\u2019<\/strong> c\u2019est une journ\u00e9e enti\u00e8re avec (diff\u00e9rentes sessions interactives, o\u00f9 les filles apprennent sur leur identit\u00e9, l\u2019appartenance, leur raison d\u2019\u00eatre\/ou le but de leur vie sur cette terre ; nous parlons aussi de leur corps, de la pubert\u00e9, du cycle menstruel et de la gestion du cycle menstruel, tout cela dans un cadre sain et en s\u00e9curit\u00e9 pour qu\u2019elles puissent parler et s\u2019exprimer sans jugement. C\u2019est une porte ouverte et une introduction au 2\u00e8me programme.<\/li><li><strong>\u2018\u2019Ch\u00e9ris ta Dignit\u00e9\u2019<\/strong>\u2019 est un programme de discipleship sur 12 semaines o\u00f9 chaque semaine nous rencontrons les filles autour d\u2019un sujet pour en discuter plus en profondeur voir qu\u2019est-ce que la bible nous dit, et comment je vais mettre en application\/pratique ce que j\u2019ai re\u00e7u et quelle action je vais prendre dans ce sens.<\/li><\/ul><p>Le but c\u2019est que les filles continuent de grandir ensemble en approfondissant leur relation avec Dieu et entre elles (sisterhood) ; qu\u2019elles aient des relations profondes entre elles et qu\u2019elles puissent continuer \u00e0 se soutenir et m\u00eame avoir des initiatives qu\u2019elles peuvent d\u00e9marrer.<\/p>\t\t\t\t\t\t<\/div>\n\t\t\t\t<\/div>\n\t\t\t\t<div class=\"elementor-element elementor-element-72f9c94 galzm elementor-widget elementor-widget-image-gallery\" data-id=\"72f9c94\" data-element_type=\"widget\" data-widget_type=\"image-gallery.default\">\n\t\t\t\t<div class=\"elementor-widget-container\">\n\t\t\t<style>\/*! elementor - v3.21.0 - 08-05-2024 *\/\n.elementor-image-gallery .gallery-item{display:inline-block;text-align:center;vertical-align:top;width:100%;max-width:100%;margin:0 auto}.elementor-image-gallery .gallery-item img{margin:0 auto}.elementor-image-gallery .gallery-item .gallery-caption{margin:0}.elementor-image-gallery figure img{display:block}.elementor-image-gallery figure figcaption{width:100%}.gallery-spacing-custom .elementor-image-gallery .gallery-icon{padding:0}@media (min-width:768px){.elementor-image-gallery .gallery-columns-2 .gallery-item{max-width:50%}.elementor-image-gallery .gallery-columns-3 .gallery-item{max-width:33.33%}.elementor-image-gallery .gallery-columns-4 .gallery-item{max-width:25%}.elementor-image-gallery .gallery-columns-5 .gallery-item{max-width:20%}.elementor-image-gallery .gallery-columns-6 .gallery-item{max-width:16.666%}.elementor-image-gallery .gallery-columns-7 .gallery-item{max-width:14.28%}.elementor-image-gallery .gallery-columns-8 .gallery-item{max-width:12.5%}.elementor-image-gallery .gallery-columns-9 .gallery-item{max-width:11.11%}.elementor-image-gallery .gallery-columns-10 .gallery-item{max-width:10%}}@media (min-width:480px) and (max-width:767px){.elementor-image-gallery .gallery.gallery-columns-2 .gallery-item,.elementor-image-gallery .gallery.gallery-columns-3 .gallery-item,.elementor-image-gallery .gallery.gallery-columns-4 .gallery-item,.elementor-image-gallery .gallery.gallery-columns-5 .gallery-item,.elementor-image-gallery .gallery.gallery-columns-6 .gallery-item,.elementor-image-gallery .gallery.gallery-columns-7 .gallery-item,.elementor-image-gallery .gallery.gallery-columns-8 .gallery-item,.elementor-image-gallery .gallery.gallery-columns-9 .gallery-item,.elementor-image-gallery .gallery.gallery-columns-10 .gallery-item{max-width:50%}}@media (max-width:479px){.elementor-image-gallery .gallery.gallery-columns-2 .gallery-item,.elementor-image-gallery .gallery.gallery-columns-3 .gallery-item,.elementor-image-gallery .gallery.gallery-columns-4 .gallery-item,.elementor-image-gallery .gallery.gallery-columns-5 .gallery-item,.elementor-image-gallery .gallery.gallery-columns-6 .gallery-item,.elementor-image-gallery .gallery.gallery-columns-7 .gallery-item,.elementor-image-gallery .gallery.gallery-columns-8 .gallery-item,.elementor-image-gallery .gallery.gallery-columns-9 .gallery-item,.elementor-image-gallery .gallery.gallery-columns-10 .gallery-item{max-width:100%}}<\/style>\t\t<div class=\"elementor-image-gallery\">\n\t\t\t<div id='gallery-1' class='gallery galleryid-349 gallery-columns-2 gallery-size-medium_large'><figure class='gallery-item'>\n\t\t\t<div class='gallery-icon landscape'>\n\t\t\t\t<a data-elementor-open-lightbox=\"yes\" data-elementor-lightbox-slideshow=\"72f9c94\" data-elementor-lightbox-title=\"Dignity 3\" data-e-action-hash=\"#elementor-action%3Aaction%3Dlightbox%26settings%3DeyJpZCI6ODYsInVybCI6Imh0dHBzOlwvXC93d3cubWVyY3ltYWRhZ2FzY2FyLm9yZ1wvd3AtY29udGVudFwvdXBsb2Fkc1wvMjAyNFwvMDVcL0RpZ25pdHktMy5qcGciLCJzbGlkZXNob3ciOiI3MmY5Yzk0In0%3D\" href='https:\/\/www.mercymadagascar.org\/wp-content\/uploads\/2024\/05\/Dignity-3.jpg'><img fetchpriority=\"high\" decoding=\"async\" width=\"720\" height=\"404\" src=\"https:\/\/www.mercymadagascar.org\/wp-content\/uploads\/2024\/05\/Dignity-3.jpg\" class=\"attachment-medium_large size-medium_large\" alt=\"\" \/><\/a>\n\t\t\t<\/div><\/figure><figure class='gallery-item'>\n\t\t\t<div class='gallery-icon landscape'>\n\t\t\t\t<a data-elementor-open-lightbox=\"yes\" data-elementor-lightbox-slideshow=\"72f9c94\" data-elementor-lightbox-title=\"Dignity 2\" data-e-action-hash=\"#elementor-action%3Aaction%3Dlightbox%26settings%3DeyJpZCI6ODUsInVybCI6Imh0dHBzOlwvXC93d3cubWVyY3ltYWRhZ2FzY2FyLm9yZ1wvd3AtY29udGVudFwvdXBsb2Fkc1wvMjAyNFwvMDVcL0RpZ25pdHktMi5qcGciLCJzbGlkZXNob3ciOiI3MmY5Yzk0In0%3D\" href='https:\/\/www.mercymadagascar.org\/wp-content\/uploads\/2024\/05\/Dignity-2.jpg'><img decoding=\"async\" width=\"720\" height=\"404\" src=\"https:\/\/www.mercymadagascar.org\/wp-content\/uploads\/2024\/05\/Dignity-2.jpg\" class=\"attachment-medium_large size-medium_large\" alt=\"\" \/><\/a>\n\t\t\t<\/div><\/figure><figure class='gallery-item'>\n\t\t\t<div class='gallery-icon landscape'>\n\t\t\t\t<a data-elementor-open-lightbox=\"yes\" data-elementor-lightbox-slideshow=\"72f9c94\" data-elementor-lightbox-title=\"Dignity 1\" data-e-action-hash=\"#elementor-action%3Aaction%3Dlightbox%26settings%3DeyJpZCI6ODQsInVybCI6Imh0dHBzOlwvXC93d3cubWVyY3ltYWRhZ2FzY2FyLm9yZ1wvd3AtY29udGVudFwvdXBsb2Fkc1wvMjAyNFwvMDVcL0RpZ25pdHktMS5qcGciLCJzbGlkZXNob3ciOiI3MmY5Yzk0In0%3D\" href='https:\/\/www.mercymadagascar.org\/wp-content\/uploads\/2024\/05\/Dignity-1.jpg'><img loading=\"lazy\" decoding=\"async\" width=\"720\" height=\"404\" src=\"https:\/\/www.mercymadagascar.org\/wp-content\/uploads\/2024\/05\/Dignity-1.jpg\" class=\"attachment-medium_large size-medium_large\" alt=\"\" \/><\/a>\n\t\t\t<\/div><\/figure><figure class='gallery-item'>\n\t\t\t<div class='gallery-icon landscape'>\n\t\t\t\t<a data-elementor-open-lightbox=\"yes\" data-elementor-lightbox-slideshow=\"72f9c94\" data-elementor-lightbox-title=\"Dignity 4\" data-e-action-hash=\"#elementor-action%3Aaction%3Dlightbox%26settings%3DeyJpZCI6ODcsInVybCI6Imh0dHBzOlwvXC93d3cubWVyY3ltYWRhZ2FzY2FyLm9yZ1wvd3AtY29udGVudFwvdXBsb2Fkc1wvMjAyNFwvMDVcL0RpZ25pdHktNC5qcGciLCJzbGlkZXNob3ciOiI3MmY5Yzk0In0%3D\" href='https:\/\/www.mercymadagascar.org\/wp-content\/uploads\/2024\/05\/Dignity-4.jpg'><img loading=\"lazy\" decoding=\"async\" width=\"720\" height=\"540\" src=\"https:\/\/www.mercymadagascar.org\/wp-content\/uploads\/2024\/05\/Dignity-4.jpg\" class=\"attachment-medium_large size-medium_large\" alt=\"\" \/><\/a>\n\t\t\t<\/div><\/figure>\n\t\t<\/div>\n\t\t<\/div>\n\t\t\t\t<\/div>\n\t\t\t\t<\/div>\n\t\t\t\t\t<\/div>\n\t\t<\/div>\n\t\t\t\t\t<\/div>\n\t\t<\/section>\n\t\t\t\t\t<\/div>\n\t\t<\/div>\n\t\t\t\t\t<\/div>\n\t\t<\/section>\n\t\t\t\t<\/div>","protected":false},"excerpt":{"rendered":"<p>Programme Dignity Programme Dignity Mercy Ministries Madagascar a un partenariat strat\u00e9gique avec Dignity Campaign dans le cadre de ses activit\u00e9s avec les jeunes filles\/femmes. Dignity Campaign est une organisation chr\u00e9tienne bas\u00e9e en Afrique du Sud dont la vision c\u2019est d\u2019aider les jeunes \u00e0 trouver leur Identit\u00e9, Appartenance et Raison d\u2019\u00eatre (but) en Dieu. Nous voulons avoir un impact sur la [&hellip;]<\/p>","protected":false},"author":4,"featured_media":0,"parent":0,"menu_order":0,"comment_status":"closed","ping_status":"closed","template":"elementor_header_footer","meta":{"footnotes":""},"class_list":["post-349","page","type-page","status-publish","hentry"],"_links":{"self":[{"href":"https:\/\/www.mercymadagascar.org\/en\/wp-json\/wp\/v2\/pages\/349","targetHints":{"allow":["GET"]}}],"collection":[{"href":"https:\/\/www.mercymadagascar.org\/en\/wp-json\/wp\/v2\/pages"}],"about":[{"href":"https:\/\/www.mercymadagascar.org\/en\/wp-json\/wp\/v2\/types\/page"}],"author":[{"embeddable":true,"href":"https:\/\/www.mercymadagascar.org\/en\/wp-json\/wp\/v2\/users\/4"}],"replies":[{"embeddable":true,"href":"https:\/\/www.mercymadagascar.org\/en\/wp-json\/wp\/v2\/comments?post=349"}],"version-history":[{"count":19,"href":"https:\/\/www.mercymadagascar.org\/en\/wp-json\/wp\/v2\/pages\/349\/revisions"}],"predecessor-version":[{"id":1495,"href":"https:\/\/www.mercymadagascar.org\/en\/wp-json\/wp\/v2\/pages\/349\/revisions\/1495"}],"wp:attachment":[{"href":"https:\/\/www.mercymadagascar.org\/en\/wp-json\/wp\/v2\/media?parent=349"}],"curies":[{"name":"wp","href":"https:\/\/api.w.org\/{rel}","templated":true}]}}